{"id":243,"date":"2022-10-19T23:42:47","date_gmt":"2022-10-19T21:42:47","guid":{"rendered":"http:\/\/porukanasolji.in.rs\/?post_type=product&#038;p=243"},"modified":"2022-10-22T07:51:39","modified_gmt":"2022-10-22T05:51:39","slug":"moj-hart-tika-taka-for-ju","status":"publish","type":"product","link":"https:\/\/porukanasolji.in.rs\/index.php\/product\/moj-hart-tika-taka-for-ju\/","title":{"rendered":"Moj Hart Tika Taka For Ju"},"content":{"rendered":"<p>Klasi\u010dna Bela \u0161olja sa dizajnom sa slike<\/p>\n<p>Ne uklju\u010duje cenu dostave.<\/p>\n<p>Dimenzije: \u00a0\u00d8 8cm, visina 9.5cm. Mo\u017eete naru\u010diti 12kom, 24kom ili celu kutiju od 36kom<\/p>\n<p>Raspolo\u017eiva dimenzija \u0161tampe: 20 x 8.5 cm (cela bo\u010dna povr\u0161ina)<\/p>\n","protected":false},"excerpt":{"rendered":"<p>Klasi\u010dna Bela \u0161olja sa dizajnom sa slike<\/p>\n<p>Ne uklju\u010duje cenu dostave.<\/p>\n<p>Dimenzije: \u00a0\u00d8 8cm, visina 9.5cm. Mo\u017eete naru\u010diti 12kom, 24kom ili celu kutiju od 36kom<\/p>\n<p>Raspolo\u017eiva dimenzija \u0161tampe: 20 x 8.5 cm (cela bo\u010dna povr\u0161ina)<\/p>\n","protected":false},"featured_media":244,"comment_status":"closed","ping_status":"closed","template":"","meta":[],"product_brand":[],"product_cat":[18,15],"product_tag":[17],"class_list":{"0":"post-243","1":"product","2":"type-product","3":"status-publish","4":"has-post-thumbnail","6":"product_cat-bela-solja","7":"product_cat-bezkategorije","8":"product_tag-bela-solja","10":"first","11":"instock","12":"shipping-taxable","13":"purchasable","14":"product-type-simple","15":"customify-col"},"jetpack_sharing_enabled":true,"_links":{"self":[{"href":"https:\/\/porukanasolji.in.rs\/index.php\/wp-json\/wp\/v2\/product\/243","targetHints":{"allow":["GET"]}}],"collection":[{"href":"https:\/\/porukanasolji.in.rs\/index.php\/wp-json\/wp\/v2\/product"}],"about":[{"href":"https:\/\/porukanasolji.in.rs\/index.php\/wp-json\/wp\/v2\/types\/product"}],"replies":[{"embeddable":true,"href":"https:\/\/porukanasolji.in.rs\/index.php\/wp-json\/wp\/v2\/comments?post=243"}],"wp:featuredmedia":[{"embeddable":true,"href":"https:\/\/porukanasolji.in.rs\/index.php\/wp-json\/wp\/v2\/media\/244"}],"wp:attachment":[{"href":"https:\/\/porukanasolji.in.rs\/index.php\/wp-json\/wp\/v2\/media?parent=243"}],"wp:term":[{"taxonomy":"product_brand","embeddable":true,"href":"https:\/\/porukanasolji.in.rs\/index.php\/wp-json\/wp\/v2\/product_brand?post=243"},{"taxonomy":"product_cat","embeddable":true,"href":"https:\/\/porukanasolji.in.rs\/index.php\/wp-json\/wp\/v2\/product_cat?post=243"},{"taxonomy":"product_tag","embeddable":true,"href":"https:\/\/porukanasolji.in.rs\/index.php\/wp-json\/wp\/v2\/product_tag?post=243"}],"curies":[{"name":"wp","href":"https:\/\/api.w.org\/{rel}","templated":true}]}}