{"id":1836,"date":"2022-11-10T07:31:04","date_gmt":"2022-11-10T05:31:04","guid":{"rendered":"http:\/\/porukanasolji.in.rs\/index.php\/product\/zivot-nije-cekanje-da-oluja-prodje\/"},"modified":"2023-05-24T19:27:43","modified_gmt":"2023-05-24T17:27:43","slug":"zivot-nije-cekanje-da-oluja-prodje","status":"publish","type":"product","link":"https:\/\/porukanasolji.in.rs\/index.php\/product\/zivot-nije-cekanje-da-oluja-prodje\/","title":{"rendered":"\u017divot nije \u010dekanje da oluja prodje"},"content":{"rendered":"<p>\u0160olje sa \u0161tampom su idealan poklon i znak pa\u017enje za vama drage osobe#solje<\/p>\n","protected":false},"excerpt":{"rendered":"<p>\u0160olje sa \u0161tampom su idealan poklon i znak pa\u017enje za vama drage osobe#solje<\/p>\n","protected":false},"featured_media":1835,"comment_status":"open","ping_status":"closed","template":"","meta":[],"product_brand":[],"product_cat":[15],"product_tag":[],"class_list":{"0":"post-1836","1":"product","2":"type-product","3":"status-publish","4":"has-post-thumbnail","6":"product_cat-bezkategorije","8":"first","9":"instock","10":"shipping-taxable","11":"purchasable","12":"product-type-simple","13":"customify-col"},"jetpack_sharing_enabled":true,"_links":{"self":[{"href":"https:\/\/porukanasolji.in.rs\/index.php\/wp-json\/wp\/v2\/product\/1836","targetHints":{"allow":["GET"]}}],"collection":[{"href":"https:\/\/porukanasolji.in.rs\/index.php\/wp-json\/wp\/v2\/product"}],"about":[{"href":"https:\/\/porukanasolji.in.rs\/index.php\/wp-json\/wp\/v2\/types\/product"}],"replies":[{"embeddable":true,"href":"https:\/\/porukanasolji.in.rs\/index.php\/wp-json\/wp\/v2\/comments?post=1836"}],"wp:featuredmedia":[{"embeddable":true,"href":"https:\/\/porukanasolji.in.rs\/index.php\/wp-json\/wp\/v2\/media\/1835"}],"wp:attachment":[{"href":"https:\/\/porukanasolji.in.rs\/index.php\/wp-json\/wp\/v2\/media?parent=1836"}],"wp:term":[{"taxonomy":"product_brand","embeddable":true,"href":"https:\/\/porukanasolji.in.rs\/index.php\/wp-json\/wp\/v2\/product_brand?post=1836"},{"taxonomy":"product_cat","embeddable":true,"href":"https:\/\/porukanasolji.in.rs\/index.php\/wp-json\/wp\/v2\/product_cat?post=1836"},{"taxonomy":"product_tag","embeddable":true,"href":"https:\/\/porukanasolji.in.rs\/index.php\/wp-json\/wp\/v2\/product_tag?post=1836"}],"curies":[{"name":"wp","href":"https:\/\/api.w.org\/{rel}","templated":true}]}}