{"id":1832,"date":"2022-11-07T22:38:54","date_gmt":"2022-11-07T20:38:54","guid":{"rendered":"http:\/\/porukanasolji.in.rs\/index.php\/product\/deda-mraz-1\/"},"modified":"2022-11-07T22:38:54","modified_gmt":"2022-11-07T20:38:54","slug":"deda-mraz-1","status":"publish","type":"product","link":"https:\/\/porukanasolji.in.rs\/index.php\/product\/deda-mraz-1\/","title":{"rendered":"Deda mraz 1"},"content":{"rendered":"<p>\u0160olje sa \u0161tampom su idealan poklon i znak pa\u017enje za vama drage osobe#solje #dedamraz #poklon #novagodina<\/p>\n","protected":false},"excerpt":{"rendered":"<p>\u0160olje sa \u0161tampom su idealan poklon i znak pa\u017enje za vama drage osobe#solje #dedamraz #poklon #novagodina<\/p>\n","protected":false},"featured_media":1831,"comment_status":"open","ping_status":"closed","template":"","meta":[],"product_brand":[],"product_cat":[15],"product_tag":[],"class_list":{"0":"post-1832","1":"product","2":"type-product","3":"status-publish","4":"has-post-thumbnail","6":"product_cat-bezkategorije","8":"first","9":"instock","10":"shipping-taxable","11":"purchasable","12":"product-type-simple","13":"customify-col"},"jetpack_sharing_enabled":true,"_links":{"self":[{"href":"https:\/\/porukanasolji.in.rs\/index.php\/wp-json\/wp\/v2\/product\/1832","targetHints":{"allow":["GET"]}}],"collection":[{"href":"https:\/\/porukanasolji.in.rs\/index.php\/wp-json\/wp\/v2\/product"}],"about":[{"href":"https:\/\/porukanasolji.in.rs\/index.php\/wp-json\/wp\/v2\/types\/product"}],"replies":[{"embeddable":true,"href":"https:\/\/porukanasolji.in.rs\/index.php\/wp-json\/wp\/v2\/comments?post=1832"}],"wp:featuredmedia":[{"embeddable":true,"href":"https:\/\/porukanasolji.in.rs\/index.php\/wp-json\/wp\/v2\/media\/1831"}],"wp:attachment":[{"href":"https:\/\/porukanasolji.in.rs\/index.php\/wp-json\/wp\/v2\/media?parent=1832"}],"wp:term":[{"taxonomy":"product_brand","embeddable":true,"href":"https:\/\/porukanasolji.in.rs\/index.php\/wp-json\/wp\/v2\/product_brand?post=1832"},{"taxonomy":"product_cat","embeddable":true,"href":"https:\/\/porukanasolji.in.rs\/index.php\/wp-json\/wp\/v2\/product_cat?post=1832"},{"taxonomy":"product_tag","embeddable":true,"href":"https:\/\/porukanasolji.in.rs\/index.php\/wp-json\/wp\/v2\/product_tag?post=1832"}],"curies":[{"name":"wp","href":"https:\/\/api.w.org\/{rel}","templated":true}]}}