{"id":1802,"date":"2022-10-31T07:47:30","date_gmt":"2022-10-31T05:47:30","guid":{"rendered":"http:\/\/porukanasolji.in.rs\/index.php\/product\/porodica-nasoj-devojcici\/"},"modified":"2023-05-24T19:30:00","modified_gmt":"2023-05-24T17:30:00","slug":"porodica-nasoj-devojcici","status":"publish","type":"product","link":"https:\/\/porukanasolji.in.rs\/index.php\/product\/porodica-nasoj-devojcici\/","title":{"rendered":"Porodica nasoj devoj\u010dici"},"content":{"rendered":"<p>Personalizovane \u0161olje, majice su idealan poklon i znak pa\u017enje za vama drage osobe #solje #soljesanatpisom #poklon #majice #ljubav  #poklonzamajku #poklonzadeku #poklonzabaku  #vaspitacice #u\u010diteljice #majicesastampom #najboljipokloni<\/p>\n","protected":false},"excerpt":{"rendered":"<p>Personalizovane \u0161olje, majice su idealan poklon i znak pa\u017enje za vama drage osobe #solje #soljesanatpisom #poklon #majice #ljubav #poklonzamajku #poklonzadeku #poklonzabaku #vaspitacice #u\u010diteljice #majicesastampom #najboljipokloni<\/p>\n","protected":false},"featured_media":1537,"comment_status":"open","ping_status":"closed","template":"","meta":[],"product_brand":[],"product_cat":[15],"product_tag":[],"class_list":{"0":"post-1802","1":"product","2":"type-product","3":"status-publish","4":"has-post-thumbnail","6":"product_cat-bezkategorije","8":"first","9":"instock","10":"shipping-taxable","11":"purchasable","12":"product-type-simple","13":"customify-col"},"jetpack_sharing_enabled":true,"_links":{"self":[{"href":"https:\/\/porukanasolji.in.rs\/index.php\/wp-json\/wp\/v2\/product\/1802","targetHints":{"allow":["GET"]}}],"collection":[{"href":"https:\/\/porukanasolji.in.rs\/index.php\/wp-json\/wp\/v2\/product"}],"about":[{"href":"https:\/\/porukanasolji.in.rs\/index.php\/wp-json\/wp\/v2\/types\/product"}],"replies":[{"embeddable":true,"href":"https:\/\/porukanasolji.in.rs\/index.php\/wp-json\/wp\/v2\/comments?post=1802"}],"wp:featuredmedia":[{"embeddable":true,"href":"https:\/\/porukanasolji.in.rs\/index.php\/wp-json\/wp\/v2\/media\/1537"}],"wp:attachment":[{"href":"https:\/\/porukanasolji.in.rs\/index.php\/wp-json\/wp\/v2\/media?parent=1802"}],"wp:term":[{"taxonomy":"product_brand","embeddable":true,"href":"https:\/\/porukanasolji.in.rs\/index.php\/wp-json\/wp\/v2\/product_brand?post=1802"},{"taxonomy":"product_cat","embeddable":true,"href":"https:\/\/porukanasolji.in.rs\/index.php\/wp-json\/wp\/v2\/product_cat?post=1802"},{"taxonomy":"product_tag","embeddable":true,"href":"https:\/\/porukanasolji.in.rs\/index.php\/wp-json\/wp\/v2\/product_tag?post=1802"}],"curies":[{"name":"wp","href":"https:\/\/api.w.org\/{rel}","templated":true}]}}