{"id":1796,"date":"2022-10-29T07:39:11","date_gmt":"2022-10-29T05:39:11","guid":{"rendered":"http:\/\/porukanasolji.in.rs\/index.php\/product\/glavna-medicinska-sestra\/"},"modified":"2022-10-29T07:39:11","modified_gmt":"2022-10-29T05:39:11","slug":"glavna-medicinska-sestra","status":"publish","type":"product","link":"https:\/\/porukanasolji.in.rs\/index.php\/product\/glavna-medicinska-sestra\/","title":{"rendered":"Glavna medicinska sestra"},"content":{"rendered":"<p>Klasi\u010dna Bela \u0161olja sa dizajnom sa slike<\/p>\n<p>Ne uklju\u010duje cenu dostave.<\/p>\n<p>Dimenzije:  \u00d8 8cm, visina 9.5cm.<\/p>\n<p>Raspolo\u017eiva dimenzija \u0161tampe: 20 x 8.5 cm (cela bo\u010dna povr\u0161ina)<\/p>\n","protected":false},"excerpt":{"rendered":"<p>Klasi\u010dna Bela \u0161olja sa dizajnom sa slike Ne uklju\u010duje cenu dostave. Dimenzije: \u00d8 8cm, visina 9.5cm. Raspolo\u017eiva dimenzija \u0161tampe: 20 x 8.5 cm (cela bo\u010dna&hellip;<\/p>\n","protected":false},"featured_media":1795,"comment_status":"open","ping_status":"closed","template":"","meta":[],"product_brand":[],"product_cat":[15],"product_tag":[],"class_list":{"0":"post-1796","1":"product","2":"type-product","3":"status-publish","4":"has-post-thumbnail","6":"product_cat-bezkategorije","8":"first","9":"instock","10":"shipping-taxable","11":"purchasable","12":"product-type-simple","13":"customify-col"},"jetpack_sharing_enabled":true,"_links":{"self":[{"href":"https:\/\/porukanasolji.in.rs\/index.php\/wp-json\/wp\/v2\/product\/1796","targetHints":{"allow":["GET"]}}],"collection":[{"href":"https:\/\/porukanasolji.in.rs\/index.php\/wp-json\/wp\/v2\/product"}],"about":[{"href":"https:\/\/porukanasolji.in.rs\/index.php\/wp-json\/wp\/v2\/types\/product"}],"replies":[{"embeddable":true,"href":"https:\/\/porukanasolji.in.rs\/index.php\/wp-json\/wp\/v2\/comments?post=1796"}],"wp:featuredmedia":[{"embeddable":true,"href":"https:\/\/porukanasolji.in.rs\/index.php\/wp-json\/wp\/v2\/media\/1795"}],"wp:attachment":[{"href":"https:\/\/porukanasolji.in.rs\/index.php\/wp-json\/wp\/v2\/media?parent=1796"}],"wp:term":[{"taxonomy":"product_brand","embeddable":true,"href":"https:\/\/porukanasolji.in.rs\/index.php\/wp-json\/wp\/v2\/product_brand?post=1796"},{"taxonomy":"product_cat","embeddable":true,"href":"https:\/\/porukanasolji.in.rs\/index.php\/wp-json\/wp\/v2\/product_cat?post=1796"},{"taxonomy":"product_tag","embeddable":true,"href":"https:\/\/porukanasolji.in.rs\/index.php\/wp-json\/wp\/v2\/product_tag?post=1796"}],"curies":[{"name":"wp","href":"https:\/\/api.w.org\/{rel}","templated":true}]}}