{"id":1695,"date":"2022-10-22T10:43:56","date_gmt":"2022-10-22T08:43:56","guid":{"rendered":"http:\/\/porukanasolji.in.rs\/?post_type=product&#038;p=1695"},"modified":"2022-10-22T10:44:21","modified_gmt":"2022-10-22T08:44:21","slug":"dama-pre-svega-2","status":"publish","type":"product","link":"https:\/\/porukanasolji.in.rs\/index.php\/product\/dama-pre-svega-2\/","title":{"rendered":"Dama pre svega"},"content":{"rendered":"<p>Klasi\u010dna Bela \u0161olja sa dizajnom sa slike<\/p>\n<p>Ne uklju\u010duje cenu dostave.<\/p>\n<p>Dimenzije: \u00a0\u00d8 8cm, visina 9.5cm.<\/p>\n<p>Raspolo\u017eiva dimenzija \u0161tampe: 20 x 8.5 cm (cela bo\u010dna povr\u0161ina)<\/p>\n","protected":false},"excerpt":{"rendered":"<p>Klasi\u010dna Bela \u0161olja sa dizajnom sa slike Ne uklju\u010duje cenu dostave. Dimenzije: \u00a0\u00d8 8cm, visina 9.5cm. Raspolo\u017eiva dimenzija \u0161tampe: 20 x 8.5 cm (cela bo\u010dna&hellip;<\/p>\n","protected":false},"featured_media":1421,"comment_status":"open","ping_status":"closed","template":"","meta":[],"product_brand":[],"product_cat":[18],"product_tag":[],"class_list":{"0":"post-1695","1":"product","2":"type-product","3":"status-publish","4":"has-post-thumbnail","6":"product_cat-bela-solja","8":"first","9":"instock","10":"shipping-taxable","11":"purchasable","12":"product-type-simple","13":"customify-col"},"jetpack_sharing_enabled":true,"_links":{"self":[{"href":"https:\/\/porukanasolji.in.rs\/index.php\/wp-json\/wp\/v2\/product\/1695","targetHints":{"allow":["GET"]}}],"collection":[{"href":"https:\/\/porukanasolji.in.rs\/index.php\/wp-json\/wp\/v2\/product"}],"about":[{"href":"https:\/\/porukanasolji.in.rs\/index.php\/wp-json\/wp\/v2\/types\/product"}],"replies":[{"embeddable":true,"href":"https:\/\/porukanasolji.in.rs\/index.php\/wp-json\/wp\/v2\/comments?post=1695"}],"wp:featuredmedia":[{"embeddable":true,"href":"https:\/\/porukanasolji.in.rs\/index.php\/wp-json\/wp\/v2\/media\/1421"}],"wp:attachment":[{"href":"https:\/\/porukanasolji.in.rs\/index.php\/wp-json\/wp\/v2\/media?parent=1695"}],"wp:term":[{"taxonomy":"product_brand","embeddable":true,"href":"https:\/\/porukanasolji.in.rs\/index.php\/wp-json\/wp\/v2\/product_brand?post=1695"},{"taxonomy":"product_cat","embeddable":true,"href":"https:\/\/porukanasolji.in.rs\/index.php\/wp-json\/wp\/v2\/product_cat?post=1695"},{"taxonomy":"product_tag","embeddable":true,"href":"https:\/\/porukanasolji.in.rs\/index.php\/wp-json\/wp\/v2\/product_tag?post=1695"}],"curies":[{"name":"wp","href":"https:\/\/api.w.org\/{rel}","templated":true}]}}